{"id":17714,"date":"2023-02-07T12:13:51","date_gmt":"2023-02-07T12:13:51","guid":{"rendered":"https:\/\/germaniarealinvest.de\/?page_id=17714"},"modified":"2023-02-08T08:59:42","modified_gmt":"2023-02-08T08:59:42","slug":"empfehlungspramie","status":"publish","type":"page","link":"https:\/\/germaniarealinvest.de\/?page_id=17714","title":{"rendered":"Empfehlungspramie"},"content":{"rendered":"\t\t<div data-elementor-type=\"wp-page\" data-elementor-id=\"17714\" class=\"elementor elementor-17714\">\n\t\t\t\t\t\t\t\t\t<section class=\"elementor-section elementor-top-section elementor-element elementor-element-3636d61 elementor-section-boxed elementor-section-height-default elementor-section-height-default\" data-id=\"3636d61\" data-element_type=\"section\">\n\t\t\t\t\t\t<div class=\"elementor-container elementor-column-gap-default\">\n\t\t\t\t\t<div class=\"elementor-column elementor-col-100 elementor-top-column elementor-element elementor-element-35b0cf0\" data-id=\"35b0cf0\" data-element_type=\"column\">\n\t\t\t<div class=\"elementor-widget-wrap elementor-element-populated\">\n\t\t\t\t\t\t\t\t<div class=\"elementor-element elementor-element-35bd2a8 elementor-widget elementor-widget-houzez-property-toparea\" data-id=\"35bd2a8\" data-element_type=\"widget\" data-widget_type=\"houzez-property-toparea.default\">\n\t\t\t\t<div class=\"elementor-widget-container\">\n\t\t\t\n                <div class=\"property-wrap\">\n            <div class=\"page-title-wrap\">\n    <div class=\"d-flex align-items-center\">\n        \n        <div class=\"breadcrumb-wrap\">\n                            <nav><ol class=\"breadcrumb\"><li class=\"breadcrumb-item\"><a href=\"https:\/\/germaniarealinvest.de\/\"><span>Home<\/span><\/a><\/li><li class=\"breadcrumb-item active\">Pages<\/li><\/ol><\/nav>\n                    <\/div>\n        \n         \n    <\/div><!-- d-flex -->\n    <div class=\"d-flex align-items-center property-title-price-wrap\">\n            <\/div><!-- d-flex -->\n\n    \n    <\/div><!-- page-title-wrap -->        <\/div>\n        \n        <div class=\"property-top-wrap\">\n            <div class=\"property-banner\">\n                <div class=\"container hidden-on-mobile\">\n                    <ul class=\"nav nav-pills\" id=\"pills-tab\" role=\"tablist\">\n                        \n    \n    <\/ul>                <\/div><!-- container -->\n                <div class=\"tab-content\" id=\"pills-tabContent\">\n                    \n                    <div class=\"tab-pane show active\" id=\"pills-gallery\" role=\"tabpanel\" aria-labelledby=\"pills-gallery-tab\" style=\"background-image: url(https:\/\/germaniarealinvest.de\/wp-includes\/images\/media\/default.svg);\">\n                                                <a class=\"property-banner-trigger\" data-toggle=\"modal\" data-target=\"#property-lightbox\" href=\"#\"><\/a>\n                                            <\/div>\n\n                    \n                <\/div><!-- tab-content -->\n            <\/div><!-- property-banner -->\n        <\/div><!-- property-top-wrap -->\n        \n        <div class=\"visible-on-mobile\">\n    <div class=\"mobile-top-wrap\">\n        <div class=\"mobile-property-tools clearfix\">\n            \n            <ul class=\"nav nav-pills\" id=\"pills-tab\" role=\"tablist\">\n                        \n    \n    <\/ul>\n             \n        <\/div><!-- mobile-property-tools -->\n        <div class=\"mobile-property-title clearfix\">\n                    <\/div><!-- mobile-property-title -->\n    <\/div><!-- mobile-top-wrap -->\n<\/div>\n\t\t\t<\/div>\n\t\t\t\t<\/div>\n\t\t\t\t\t<\/div>\n\t\t<\/div>\n\t\t\t\t\t\t\t<\/div>\n\t\t<\/section>\n\t\t\t\t<section class=\"elementor-section elementor-top-section elementor-element elementor-element-d004120 elementor-section-boxed elementor-section-height-default elementor-section-height-default\" data-id=\"d004120\" data-element_type=\"section\">\n\t\t\t\t\t\t<div class=\"elementor-container elementor-column-gap-default\">\n\t\t\t\t\t<div class=\"elementor-column elementor-col-100 elementor-top-column elementor-element elementor-element-ef88380\" data-id=\"ef88380\" data-element_type=\"column\">\n\t\t\t<div class=\"elementor-widget-wrap elementor-element-populated\">\n\t\t\t\t\t\t\t\t<div class=\"elementor-element elementor-element-2f62fa9 elementor-widget elementor-widget-text-editor\" data-id=\"2f62fa9\" data-element_type=\"widget\" data-widget_type=\"text-editor.default\">\n\t\t\t\t<div class=\"elementor-widget-container\">\n\t\t\t<style>\/*! elementor - v3.10.0 - 09-01-2023 *\/\n.elementor-widget-text-editor.elementor-drop-cap-view-stacked .elementor-drop-cap{background-color:#818a91;color:#fff}.elementor-widget-text-editor.elementor-drop-cap-view-framed .elementor-drop-cap{color:#818a91;border:3px solid;background-color:transparent}.elementor-widget-text-editor:not(.elementor-drop-cap-view-default) .elementor-drop-cap{margin-top:8px}.elementor-widget-text-editor:not(.elementor-drop-cap-view-default) .elementor-drop-cap-letter{width:1em;height:1em}.elementor-widget-text-editor .elementor-drop-cap{float:left;text-align:center;line-height:1;font-size:50px}.elementor-widget-text-editor .elementor-drop-cap-letter{display:inline-block}<\/style>\t\t\t\t<p><strong>Sichern Sie sich jetzt einen Empfehlungsbonus von 3.000 &#8211; 30.000 \u20ac**.<\/strong><\/p>\t\t\t\t\t\t<\/div>\n\t\t\t\t<\/div>\n\t\t\t\t\t<\/div>\n\t\t<\/div>\n\t\t\t\t\t\t\t<\/div>\n\t\t<\/section>\n\t\t\t\t<section class=\"elementor-section elementor-top-section elementor-element elementor-element-d8e2625 elementor-section-boxed elementor-section-height-default elementor-section-height-default\" data-id=\"d8e2625\" data-element_type=\"section\">\n\t\t\t\t\t\t<div class=\"elementor-container elementor-column-gap-default\">\n\t\t\t\t\t<div class=\"elementor-column elementor-col-100 elementor-top-column elementor-element elementor-element-06947a5\" data-id=\"06947a5\" data-element_type=\"column\">\n\t\t\t<div class=\"elementor-widget-wrap elementor-element-populated\">\n\t\t\t\t\t\t\t\t<div class=\"elementor-element elementor-element-eb80e36 elementor-widget elementor-widget-spacer\" data-id=\"eb80e36\" data-element_type=\"widget\" data-widget_type=\"spacer.default\">\n\t\t\t\t<div class=\"elementor-widget-container\">\n\t\t\t<style>\/*! elementor - v3.10.0 - 09-01-2023 *\/\n.elementor-column .elementor-spacer-inner{height:var(--spacer-size)}.e-con{--container-widget-width:100%}.e-con-inner>.elementor-widget-spacer,.e-con>.elementor-widget-spacer{width:var(--container-widget-width,var(--spacer-size));--align-self:var(--container-widget-align-self,initial);--flex-shrink:0}.e-con-inner>.elementor-widget-spacer>.elementor-widget-container,.e-con-inner>.elementor-widget-spacer>.elementor-widget-container>.elementor-spacer,.e-con>.elementor-widget-spacer>.elementor-widget-container,.e-con>.elementor-widget-spacer>.elementor-widget-container>.elementor-spacer{height:100%}.e-con-inner>.elementor-widget-spacer>.elementor-widget-container>.elementor-spacer>.elementor-spacer-inner,.e-con>.elementor-widget-spacer>.elementor-widget-container>.elementor-spacer>.elementor-spacer-inner{height:var(--container-widget-height,var(--spacer-size))}<\/style>\t\t<div class=\"elementor-spacer\">\n\t\t\t<div class=\"elementor-spacer-inner\"><\/div>\n\t\t<\/div>\n\t\t\t\t<\/div>\n\t\t\t\t<\/div>\n\t\t\t\t\t<\/div>\n\t\t<\/div>\n\t\t\t\t\t\t\t<\/div>\n\t\t<\/section>\n\t\t\t\t<section class=\"elementor-section elementor-top-section elementor-element elementor-element-d023e01 elementor-section-boxed elementor-section-height-default elementor-section-height-default\" data-id=\"d023e01\" data-element_type=\"section\">\n\t\t\t\t\t\t<div class=\"elementor-container elementor-column-gap-default\">\n\t\t\t\t\t<div class=\"elementor-column elementor-col-100 elementor-top-column elementor-element elementor-element-e3c4463\" data-id=\"e3c4463\" data-element_type=\"column\">\n\t\t\t<div class=\"elementor-widget-wrap elementor-element-populated\">\n\t\t\t\t\t\t\t\t<div class=\"elementor-element elementor-element-966615a elementor-widget elementor-widget-text-editor\" data-id=\"966615a\" data-element_type=\"widget\" data-widget_type=\"text-editor.default\">\n\t\t\t\t<div class=\"elementor-widget-container\">\n\t\t\t\t\t\t\t<p><strong>Weitersagen lohnt sich. Germania Real Invest empfehlen und Provision sichern<\/strong><\/p>\t\t\t\t\t\t<\/div>\n\t\t\t\t<\/div>\n\t\t\t\t\t<\/div>\n\t\t<\/div>\n\t\t\t\t\t\t\t<\/div>\n\t\t<\/section>\n\t\t\t\t<section class=\"elementor-section elementor-top-section elementor-element elementor-element-64633ea elementor-section-boxed elementor-section-height-default elementor-section-height-default\" data-id=\"64633ea\" data-element_type=\"section\">\n\t\t\t\t\t\t<div class=\"elementor-container elementor-column-gap-default\">\n\t\t\t\t\t<div class=\"elementor-column elementor-col-100 elementor-top-column elementor-element elementor-element-a47c65e\" data-id=\"a47c65e\" data-element_type=\"column\">\n\t\t\t<div class=\"elementor-widget-wrap elementor-element-populated\">\n\t\t\t\t\t\t\t\t<div class=\"elementor-element elementor-element-1a85de2 elementor-widget elementor-widget-spacer\" data-id=\"1a85de2\" data-element_type=\"widget\" data-widget_type=\"spacer.default\">\n\t\t\t\t<div class=\"elementor-widget-container\">\n\t\t\t\t\t<div class=\"elementor-spacer\">\n\t\t\t<div class=\"elementor-spacer-inner\"><\/div>\n\t\t<\/div>\n\t\t\t\t<\/div>\n\t\t\t\t<\/div>\n\t\t\t\t\t<\/div>\n\t\t<\/div>\n\t\t\t\t\t\t\t<\/div>\n\t\t<\/section>\n\t\t\t\t<section class=\"elementor-section elementor-top-section elementor-element elementor-element-bc6d0ba elementor-section-boxed elementor-section-height-default elementor-section-height-default\" data-id=\"bc6d0ba\" data-element_type=\"section\">\n\t\t\t\t\t\t<div class=\"elementor-container elementor-column-gap-default\">\n\t\t\t\t\t<div class=\"elementor-column elementor-col-50 elementor-top-column elementor-element elementor-element-f719616\" data-id=\"f719616\" data-element_type=\"column\">\n\t\t\t<div class=\"elementor-widget-wrap elementor-element-populated\">\n\t\t\t\t\t\t\t\t<div class=\"elementor-element elementor-element-5200ca9 elementor-position-top elementor-vertical-align-top elementor-widget elementor-widget-image-box\" data-id=\"5200ca9\" data-element_type=\"widget\" data-widget_type=\"image-box.default\">\n\t\t\t\t<div class=\"elementor-widget-container\">\n\t\t\t<style>\/*! elementor - v3.10.0 - 09-01-2023 *\/\n.elementor-widget-image-box .elementor-image-box-content{width:100%}@media (min-width:768px){.elementor-widget-image-box.elementor-position-left .elementor-image-box-wrapper,.elementor-widget-image-box.elementor-position-right .elementor-image-box-wrapper{display:flex}.elementor-widget-image-box.elementor-position-right .elementor-image-box-wrapper{text-align:right;flex-direction:row-reverse}.elementor-widget-image-box.elementor-position-left .elementor-image-box-wrapper{text-align:left;flex-direction:row}.elementor-widget-image-box.elementor-position-top .elementor-image-box-img{margin:auto}.elementor-widget-image-box.elementor-vertical-align-top .elementor-image-box-wrapper{align-items:flex-start}.elementor-widget-image-box.elementor-vertical-align-middle .elementor-image-box-wrapper{align-items:center}.elementor-widget-image-box.elementor-vertical-align-bottom .elementor-image-box-wrapper{align-items:flex-end}}@media (max-width:767px){.elementor-widget-image-box .elementor-image-box-img{margin-left:auto!important;margin-right:auto!important;margin-bottom:15px}}.elementor-widget-image-box .elementor-image-box-img{display:inline-block}.elementor-widget-image-box .elementor-image-box-title a{color:inherit}.elementor-widget-image-box .elementor-image-box-wrapper{text-align:center}.elementor-widget-image-box .elementor-image-box-description{margin:0}<\/style><div class=\"elementor-image-box-wrapper\"><figure class=\"elementor-image-box-img\"><img loading=\"lazy\" decoding=\"async\" width=\"847\" height=\"557\" src=\"https:\/\/germaniarealinvest.de\/wp-content\/uploads\/2023\/02\/Capture.png\" class=\"attachment-full size-full wp-image-17717\" alt=\"\" srcset=\"https:\/\/germaniarealinvest.de\/wp-content\/uploads\/2023\/02\/Capture.png 847w, https:\/\/germaniarealinvest.de\/wp-content\/uploads\/2023\/02\/Capture-300x197.png 300w, https:\/\/germaniarealinvest.de\/wp-content\/uploads\/2023\/02\/Capture-768x505.png 768w, https:\/\/germaniarealinvest.de\/wp-content\/uploads\/2023\/02\/Capture-496x326.png 496w\" sizes=\"auto, (max-width: 847px) 100vw, 847px\" \/><\/figure><div class=\"elementor-image-box-content\"><h3 class=\"elementor-image-box-title\">Kontaktformular ausf\u00fcllen<\/h3><p class=\"elementor-image-box-description\">Tragen Sie in das Kontaktformular Ihre Daten sowie die Daten des Eigent\u00fcmers ein damit wir diesen kontaktieren k\u00f6nnen.<\/p><\/div><\/div>\t\t<\/div>\n\t\t\t\t<\/div>\n\t\t\t\t\t<\/div>\n\t\t<\/div>\n\t\t\t\t<div class=\"elementor-column elementor-col-50 elementor-top-column elementor-element elementor-element-3b76782\" data-id=\"3b76782\" data-element_type=\"column\">\n\t\t\t<div class=\"elementor-widget-wrap elementor-element-populated\">\n\t\t\t\t\t\t\t\t<div class=\"elementor-element elementor-element-d7bcf57 elementor-position-top elementor-vertical-align-top elementor-widget elementor-widget-image-box\" data-id=\"d7bcf57\" data-element_type=\"widget\" data-widget_type=\"image-box.default\">\n\t\t\t\t<div class=\"elementor-widget-container\">\n\t\t\t<div class=\"elementor-image-box-wrapper\"><figure class=\"elementor-image-box-img\"><img loading=\"lazy\" decoding=\"async\" width=\"1440\" height=\"960\" src=\"https:\/\/germaniarealinvest.de\/wp-content\/uploads\/2020\/02\/slider1.jpg\" class=\"attachment-2048x2048 size-2048x2048 wp-image-16757\" alt=\"\" srcset=\"https:\/\/germaniarealinvest.de\/wp-content\/uploads\/2020\/02\/slider1.jpg 1440w, https:\/\/germaniarealinvest.de\/wp-content\/uploads\/2020\/02\/slider1-300x200.jpg 300w, https:\/\/germaniarealinvest.de\/wp-content\/uploads\/2020\/02\/slider1-1024x683.jpg 1024w, https:\/\/germaniarealinvest.de\/wp-content\/uploads\/2020\/02\/slider1-768x512.jpg 768w, https:\/\/germaniarealinvest.de\/wp-content\/uploads\/2020\/02\/slider1-900x600.jpg 900w, https:\/\/germaniarealinvest.de\/wp-content\/uploads\/2020\/02\/slider1-496x331.jpg 496w\" sizes=\"auto, (max-width: 1440px) 100vw, 1440px\" \/><\/figure><div class=\"elementor-image-box-content\"><h3 class=\"elementor-image-box-title\">Pr\u00e4mie erhalten<\/h3><p class=\"elementor-image-box-description\">Ist der Verkauf erfolgreich abgeschlossen, erhalten Sie f\u00fcr Ihre Bem\u00fchungen und Ihr Vertrauen eine Pr\u00e4mie von 3000 bis zu 30.000 Euro** von uns. von uns.<\/p><\/div><\/div>\t\t<\/div>\n\t\t\t\t<\/div>\n\t\t\t\t<div class=\"elementor-element elementor-element-6264811 elementor-widget elementor-widget-spacer\" data-id=\"6264811\" data-element_type=\"widget\" data-widget_type=\"spacer.default\">\n\t\t\t\t<div class=\"elementor-widget-container\">\n\t\t\t\t\t<div class=\"elementor-spacer\">\n\t\t\t<div class=\"elementor-spacer-inner\"><\/div>\n\t\t<\/div>\n\t\t\t\t<\/div>\n\t\t\t\t<\/div>\n\t\t\t\t\t<\/div>\n\t\t<\/div>\n\t\t\t\t\t\t\t<\/div>\n\t\t<\/section>\n\t\t\t\t<section class=\"elementor-section elementor-top-section elementor-element elementor-element-0aef0d7 elementor-section-boxed elementor-section-height-default elementor-section-height-default\" data-id=\"0aef0d7\" data-element_type=\"section\">\n\t\t\t\t\t\t<div class=\"elementor-container elementor-column-gap-default\">\n\t\t\t\t\t<div class=\"elementor-column elementor-col-100 elementor-top-column elementor-element elementor-element-6e55fc5\" data-id=\"6e55fc5\" data-element_type=\"column\">\n\t\t\t<div class=\"elementor-widget-wrap elementor-element-populated\">\n\t\t\t\t\t\t\t\t<div class=\"elementor-element elementor-element-27b61d3 elementor-align-center elementor-widget elementor-widget-button\" data-id=\"27b61d3\" data-element_type=\"widget\" data-widget_type=\"button.default\">\n\t\t\t\t<div class=\"elementor-widget-container\">\n\t\t\t\t\t<div class=\"elementor-button-wrapper\">\n\t\t\t<a href=\"https:\/\/germaniarealinvest.de\/?page_id=16941\" class=\"elementor-button-link elementor-button elementor-size-sm\" role=\"button\">\n\t\t\t\t\t\t<span class=\"elementor-button-content-wrapper\">\n\t\t\t\t\t\t<span class=\"elementor-button-text\">JETZT GERMANIA REAL INVEST EMPFEHLEN<\/span>\n\t\t<\/span>\n\t\t\t\t\t<\/a>\n\t\t<\/div>\n\t\t\t\t<\/div>\n\t\t\t\t<\/div>\n\t\t\t\t\t<\/div>\n\t\t<\/div>\n\t\t\t\t\t\t\t<\/div>\n\t\t<\/section>\n\t\t\t\t<section class=\"elementor-section elementor-top-section elementor-element elementor-element-a7c8f0a elementor-section-boxed elementor-section-height-default elementor-section-height-default\" data-id=\"a7c8f0a\" data-element_type=\"section\">\n\t\t\t\t\t\t<div class=\"elementor-container elementor-column-gap-default\">\n\t\t\t\t\t<div class=\"elementor-column elementor-col-100 elementor-top-column elementor-element elementor-element-5a318cc\" data-id=\"5a318cc\" data-element_type=\"column\">\n\t\t\t<div class=\"elementor-widget-wrap elementor-element-populated\">\n\t\t\t\t\t\t\t\t<div class=\"elementor-element elementor-element-1761a55 elementor-widget elementor-widget-spacer\" data-id=\"1761a55\" data-element_type=\"widget\" data-widget_type=\"spacer.default\">\n\t\t\t\t<div class=\"elementor-widget-container\">\n\t\t\t\t\t<div class=\"elementor-spacer\">\n\t\t\t<div class=\"elementor-spacer-inner\"><\/div>\n\t\t<\/div>\n\t\t\t\t<\/div>\n\t\t\t\t<\/div>\n\t\t\t\t\t<\/div>\n\t\t<\/div>\n\t\t\t\t\t\t\t<\/div>\n\t\t<\/section>\n\t\t\t\t<section class=\"elementor-section elementor-top-section elementor-element elementor-element-bacc39b elementor-section-boxed elementor-section-height-default elementor-section-height-default\" data-id=\"bacc39b\" data-element_type=\"section\">\n\t\t\t\t\t\t<div class=\"elementor-container elementor-column-gap-default\">\n\t\t\t\t\t<div class=\"elementor-column elementor-col-100 elementor-top-column elementor-element elementor-element-bb2f7d2\" data-id=\"bb2f7d2\" data-element_type=\"column\">\n\t\t\t<div class=\"elementor-widget-wrap elementor-element-populated\">\n\t\t\t\t\t\t\t\t<div class=\"elementor-element elementor-element-4f51616 elementor-widget elementor-widget-text-editor\" data-id=\"4f51616\" data-element_type=\"widget\" data-widget_type=\"text-editor.default\">\n\t\t\t\t<div class=\"elementor-widget-container\">\n\t\t\t\t\t\t\t<p>** Die Auszahlung der Provision ist an eine erfolgreiche Vermittlung der Immobilie durch die Germania Real Invest sowie an den Eingang aller Maklerprovisionen an die Germania Real Invest gebunden. Der Anspruch und die H\u00f6he der Pr\u00e4mie richten sich nach dem erzielten Verkaufspreis der Immobilie:<\/p>\t\t\t\t\t\t<\/div>\n\t\t\t\t<\/div>\n\t\t\t\t\t<\/div>\n\t\t<\/div>\n\t\t\t\t\t\t\t<\/div>\n\t\t<\/section>\n\t\t\t\t<section class=\"elementor-section elementor-top-section elementor-element elementor-element-36fd291 elementor-section-boxed elementor-section-height-default elementor-section-height-default\" data-id=\"36fd291\" data-element_type=\"section\">\n\t\t\t\t\t\t<div class=\"elementor-container elementor-column-gap-default\">\n\t\t\t\t\t<div class=\"elementor-column elementor-col-100 elementor-top-column elementor-element elementor-element-2c5fa47\" data-id=\"2c5fa47\" data-element_type=\"column\">\n\t\t\t<div class=\"elementor-widget-wrap elementor-element-populated\">\n\t\t\t\t\t\t\t\t<div class=\"elementor-element elementor-element-ff1c583 elementor-widget elementor-widget-spacer\" data-id=\"ff1c583\" data-element_type=\"widget\" data-widget_type=\"spacer.default\">\n\t\t\t\t<div class=\"elementor-widget-container\">\n\t\t\t\t\t<div class=\"elementor-spacer\">\n\t\t\t<div class=\"elementor-spacer-inner\"><\/div>\n\t\t<\/div>\n\t\t\t\t<\/div>\n\t\t\t\t<\/div>\n\t\t\t\t\t<\/div>\n\t\t<\/div>\n\t\t\t\t\t\t\t<\/div>\n\t\t<\/section>\n\t\t\t\t\t\t\t<\/div>\n\t\t","protected":false},"excerpt":{"rendered":"<p>Home Pages Sichern Sie sich jetzt einen Empfehlungsbonus von 3.000 &#8211; 30.000 \u20ac**. Weitersagen lohnt sich. Germania Real Invest empfehlen und Provision sichern Kontaktformular ausf\u00fcllen Tragen Sie in das Kontaktformular Ihre Daten sowie die Daten des Eigent\u00fcmers ein damit wir diesen kontaktieren k\u00f6nnen. Pr\u00e4mie erhalten Ist der Verkauf erfolgreich abgeschlossen, erhalten Sie f\u00fcr Ihre Bem\u00fchungen [&hellip;]<\/p>\n","protected":false},"author":1,"featured_media":0,"parent":0,"menu_order":0,"comment_status":"closed","ping_status":"closed","template":"elementor_header_footer","meta":{"_mi_skip_tracking":false,"footnotes":""},"class_list":["post-17714","page","type-page","status-publish","hentry"],"aioseo_notices":[],"_links":{"self":[{"href":"https:\/\/germaniarealinvest.de\/index.php?rest_route=\/wp\/v2\/pages\/17714","targetHints":{"allow":["GET"]}}],"collection":[{"href":"https:\/\/germaniarealinvest.de\/index.php?rest_route=\/wp\/v2\/pages"}],"about":[{"href":"https:\/\/germaniarealinvest.de\/index.php?rest_route=\/wp\/v2\/types\/page"}],"author":[{"embeddable":true,"href":"https:\/\/germaniarealinvest.de\/index.php?rest_route=\/wp\/v2\/users\/1"}],"replies":[{"embeddable":true,"href":"https:\/\/germaniarealinvest.de\/index.php?rest_route=%2Fwp%2Fv2%2Fcomments&post=17714"}],"version-history":[{"count":33,"href":"https:\/\/germaniarealinvest.de\/index.php?rest_route=\/wp\/v2\/pages\/17714\/revisions"}],"predecessor-version":[{"id":17777,"href":"https:\/\/germaniarealinvest.de\/index.php?rest_route=\/wp\/v2\/pages\/17714\/revisions\/17777"}],"wp:attachment":[{"href":"https:\/\/germaniarealinvest.de\/index.php?rest_route=%2Fwp%2Fv2%2Fmedia&parent=17714"}],"curies":[{"name":"wp","href":"https:\/\/api.w.org\/{rel}","templated":true}]}}