{"id":17778,"date":"2023-02-08T09:00:37","date_gmt":"2023-02-08T09:00:37","guid":{"rendered":"https:\/\/germaniarealinvest.de\/?page_id=17778"},"modified":"2023-02-08T09:07:35","modified_gmt":"2023-02-08T09:07:35","slug":"impressum","status":"publish","type":"page","link":"https:\/\/germaniarealinvest.de\/?page_id=17778","title":{"rendered":"Impressum"},"content":{"rendered":"\t\t<div data-elementor-type=\"wp-page\" data-elementor-id=\"17778\" class=\"elementor elementor-17778\">\n\t\t\t\t\t\t\t\t\t<section class=\"elementor-section elementor-top-section elementor-element elementor-element-be63c4f elementor-section-boxed elementor-section-height-default elementor-section-height-default\" data-id=\"be63c4f\" data-element_type=\"section\">\n\t\t\t\t\t\t<div class=\"elementor-container elementor-column-gap-default\">\n\t\t\t\t\t<div class=\"elementor-column elementor-col-100 elementor-top-column elementor-element elementor-element-5f2de98\" data-id=\"5f2de98\" data-element_type=\"column\">\n\t\t\t<div class=\"elementor-widget-wrap elementor-element-populated\">\n\t\t\t\t\t\t\t\t<div class=\"elementor-element elementor-element-390300a elementor-widget elementor-widget-houzez-property-toparea\" data-id=\"390300a\" data-element_type=\"widget\" data-widget_type=\"houzez-property-toparea.default\">\n\t\t\t\t<div class=\"elementor-widget-container\">\n\t\t\t\n                <div class=\"property-wrap\">\n            <div class=\"page-title-wrap\">\n    <div class=\"d-flex align-items-center\">\n        \n        <div class=\"breadcrumb-wrap\">\n                            <nav><ol class=\"breadcrumb\"><li class=\"breadcrumb-item\"><a href=\"https:\/\/germaniarealinvest.de\/\"><span>Home<\/span><\/a><\/li><li class=\"breadcrumb-item active\">Pages<\/li><\/ol><\/nav>\n                    <\/div>\n        \n         \n    <\/div><!-- d-flex -->\n    <div class=\"d-flex align-items-center property-title-price-wrap\">\n            <\/div><!-- d-flex -->\n\n    \n    <\/div><!-- page-title-wrap -->        <\/div>\n        \n        <div class=\"property-top-wrap\">\n            <div class=\"property-banner\">\n                <div class=\"container hidden-on-mobile\">\n                    <ul class=\"nav nav-pills\" id=\"pills-tab\" role=\"tablist\">\n                        \n    \n    <\/ul>                <\/div><!-- container -->\n                <div class=\"tab-content\" id=\"pills-tabContent\">\n                    \n                    <div class=\"tab-pane show active\" id=\"pills-gallery\" role=\"tabpanel\" aria-labelledby=\"pills-gallery-tab\" style=\"background-image: url(https:\/\/germaniarealinvest.de\/wp-includes\/images\/media\/default.svg);\">\n                                                <a class=\"property-banner-trigger\" data-toggle=\"modal\" data-target=\"#property-lightbox\" href=\"#\"><\/a>\n                                            <\/div>\n\n                    \n                <\/div><!-- tab-content -->\n            <\/div><!-- property-banner -->\n        <\/div><!-- property-top-wrap -->\n        \n        <div class=\"visible-on-mobile\">\n    <div class=\"mobile-top-wrap\">\n        <div class=\"mobile-property-tools clearfix\">\n            \n            <ul class=\"nav nav-pills\" id=\"pills-tab\" role=\"tablist\">\n                        \n    \n    <\/ul>\n             \n        <\/div><!-- mobile-property-tools -->\n        <div class=\"mobile-property-title clearfix\">\n                    <\/div><!-- mobile-property-title -->\n    <\/div><!-- mobile-top-wrap -->\n<\/div>\n\t\t\t<\/div>\n\t\t\t\t<\/div>\n\t\t\t\t\t<\/div>\n\t\t<\/div>\n\t\t\t\t\t\t\t<\/div>\n\t\t<\/section>\n\t\t\t\t<section class=\"elementor-section elementor-top-section elementor-element elementor-element-a0c5560 elementor-section-boxed elementor-section-height-default elementor-section-height-default\" data-id=\"a0c5560\" data-element_type=\"section\">\n\t\t\t\t\t\t<div class=\"elementor-container elementor-column-gap-default\">\n\t\t\t\t\t<div class=\"elementor-column elementor-col-100 elementor-top-column elementor-element elementor-element-08ddf52\" data-id=\"08ddf52\" data-element_type=\"column\">\n\t\t\t<div class=\"elementor-widget-wrap elementor-element-populated\">\n\t\t\t\t\t\t\t\t<div class=\"elementor-element elementor-element-558ef05 elementor-widget elementor-widget-text-editor\" data-id=\"558ef05\" data-element_type=\"widget\" data-widget_type=\"text-editor.default\">\n\t\t\t\t<div class=\"elementor-widget-container\">\n\t\t\t<style>\/*! elementor - v3.10.0 - 09-01-2023 *\/\n.elementor-widget-text-editor.elementor-drop-cap-view-stacked .elementor-drop-cap{background-color:#818a91;color:#fff}.elementor-widget-text-editor.elementor-drop-cap-view-framed .elementor-drop-cap{color:#818a91;border:3px solid;background-color:transparent}.elementor-widget-text-editor:not(.elementor-drop-cap-view-default) .elementor-drop-cap{margin-top:8px}.elementor-widget-text-editor:not(.elementor-drop-cap-view-default) .elementor-drop-cap-letter{width:1em;height:1em}.elementor-widget-text-editor .elementor-drop-cap{float:left;text-align:center;line-height:1;font-size:50px}.elementor-widget-text-editor .elementor-drop-cap-letter{display:inline-block}<\/style>\t\t\t\t<div class=\"vc_custom_heading_wrap \"><div class=\"heading-text el-text\"><h1 class=\"bread-title\"><strong>Impressum<\/strong><\/h1><\/div><\/div><div class=\"uncode_text_column\"><div id=\"main-content\" class=\"main-page col-xs-12\">\u00a0<\/div><\/div>\t\t\t\t\t\t<\/div>\n\t\t\t\t<\/div>\n\t\t\t\t\t<\/div>\n\t\t<\/div>\n\t\t\t\t\t\t\t<\/div>\n\t\t<\/section>\n\t\t\t\t<section class=\"elementor-section elementor-top-section elementor-element elementor-element-e273987 elementor-section-boxed elementor-section-height-default elementor-section-height-default\" data-id=\"e273987\" data-element_type=\"section\">\n\t\t\t\t\t\t<div class=\"elementor-container elementor-column-gap-default\">\n\t\t\t\t\t<div class=\"elementor-column elementor-col-100 elementor-top-column elementor-element elementor-element-02ee796\" data-id=\"02ee796\" data-element_type=\"column\">\n\t\t\t<div class=\"elementor-widget-wrap elementor-element-populated\">\n\t\t\t\t\t\t\t\t<div class=\"elementor-element elementor-element-9b98718 elementor-widget elementor-widget-spacer\" data-id=\"9b98718\" data-element_type=\"widget\" data-widget_type=\"spacer.default\">\n\t\t\t\t<div class=\"elementor-widget-container\">\n\t\t\t<style>\/*! elementor - v3.10.0 - 09-01-2023 *\/\n.elementor-column .elementor-spacer-inner{height:var(--spacer-size)}.e-con{--container-widget-width:100%}.e-con-inner>.elementor-widget-spacer,.e-con>.elementor-widget-spacer{width:var(--container-widget-width,var(--spacer-size));--align-self:var(--container-widget-align-self,initial);--flex-shrink:0}.e-con-inner>.elementor-widget-spacer>.elementor-widget-container,.e-con-inner>.elementor-widget-spacer>.elementor-widget-container>.elementor-spacer,.e-con>.elementor-widget-spacer>.elementor-widget-container,.e-con>.elementor-widget-spacer>.elementor-widget-container>.elementor-spacer{height:100%}.e-con-inner>.elementor-widget-spacer>.elementor-widget-container>.elementor-spacer>.elementor-spacer-inner,.e-con>.elementor-widget-spacer>.elementor-widget-container>.elementor-spacer>.elementor-spacer-inner{height:var(--container-widget-height,var(--spacer-size))}<\/style>\t\t<div class=\"elementor-spacer\">\n\t\t\t<div class=\"elementor-spacer-inner\"><\/div>\n\t\t<\/div>\n\t\t\t\t<\/div>\n\t\t\t\t<\/div>\n\t\t\t\t\t<\/div>\n\t\t<\/div>\n\t\t\t\t\t\t\t<\/div>\n\t\t<\/section>\n\t\t\t\t<section class=\"elementor-section elementor-top-section elementor-element elementor-element-517d5c4 elementor-section-boxed elementor-section-height-default elementor-section-height-default\" data-id=\"517d5c4\" data-element_type=\"section\">\n\t\t\t\t\t\t<div class=\"elementor-container elementor-column-gap-default\">\n\t\t\t\t\t<div class=\"elementor-column elementor-col-100 elementor-top-column elementor-element elementor-element-472eab1\" data-id=\"472eab1\" data-element_type=\"column\">\n\t\t\t<div class=\"elementor-widget-wrap elementor-element-populated\">\n\t\t\t\t\t\t\t\t<div class=\"elementor-element elementor-element-9bdb12b elementor-widget elementor-widget-text-editor\" data-id=\"9bdb12b\" data-element_type=\"widget\" data-widget_type=\"text-editor.default\">\n\t\t\t\t<div class=\"elementor-widget-container\">\n\t\t\t\t\t\t\t<h2 class=\"bread-title\">Angaben gem\u00e4\u00df \u00a7 5 TMG<\/h2>\t\t\t\t\t\t<\/div>\n\t\t\t\t<\/div>\n\t\t\t\t\t<\/div>\n\t\t<\/div>\n\t\t\t\t\t\t\t<\/div>\n\t\t<\/section>\n\t\t\t\t<section class=\"elementor-section elementor-top-section elementor-element elementor-element-d14b75a elementor-section-boxed elementor-section-height-default elementor-section-height-default\" data-id=\"d14b75a\" data-element_type=\"section\">\n\t\t\t\t\t\t<div class=\"elementor-container elementor-column-gap-default\">\n\t\t\t\t\t<div class=\"elementor-column elementor-col-100 elementor-top-column elementor-element elementor-element-030b012\" data-id=\"030b012\" data-element_type=\"column\">\n\t\t\t<div class=\"elementor-widget-wrap elementor-element-populated\">\n\t\t\t\t\t\t\t\t<div class=\"elementor-element elementor-element-5547c77 elementor-widget elementor-widget-text-editor\" data-id=\"5547c77\" data-element_type=\"widget\" data-widget_type=\"text-editor.default\">\n\t\t\t\t<div class=\"elementor-widget-container\">\n\t\t\t\t\t\t\t<main id=\"main\" class=\"site-main\" role=\"main\">Germania Real Invest<br \/>Inh. Tuncay Pekdogan<br \/>Lerchenauerstr. 188<\/main><main class=\"site-main\" role=\"main\">80935 M\u00fcnchen<\/main>\t\t\t\t\t\t<\/div>\n\t\t\t\t<\/div>\n\t\t\t\t\t<\/div>\n\t\t<\/div>\n\t\t\t\t\t\t\t<\/div>\n\t\t<\/section>\n\t\t\t\t<section class=\"elementor-section elementor-top-section elementor-element elementor-element-dc13de9 elementor-section-boxed elementor-section-height-default elementor-section-height-default\" data-id=\"dc13de9\" data-element_type=\"section\">\n\t\t\t\t\t\t<div class=\"elementor-container elementor-column-gap-default\">\n\t\t\t\t\t<div class=\"elementor-column elementor-col-100 elementor-top-column elementor-element elementor-element-15b742b\" data-id=\"15b742b\" data-element_type=\"column\">\n\t\t\t<div class=\"elementor-widget-wrap elementor-element-populated\">\n\t\t\t\t\t\t\t\t<div class=\"elementor-element elementor-element-5ef75f1 elementor-widget elementor-widget-text-editor\" data-id=\"5ef75f1\" data-element_type=\"widget\" data-widget_type=\"text-editor.default\">\n\t\t\t\t<div class=\"elementor-widget-container\">\n\t\t\t\t\t\t\t<h2 class=\"bread-title\">Vertretungsberechtigte(r) Gesellschafter<\/h2>\t\t\t\t\t\t<\/div>\n\t\t\t\t<\/div>\n\t\t\t\t\t<\/div>\n\t\t<\/div>\n\t\t\t\t\t\t\t<\/div>\n\t\t<\/section>\n\t\t\t\t<section class=\"elementor-section elementor-top-section elementor-element elementor-element-5fce5b3 elementor-section-boxed elementor-section-height-default elementor-section-height-default\" data-id=\"5fce5b3\" data-element_type=\"section\">\n\t\t\t\t\t\t<div class=\"elementor-container elementor-column-gap-default\">\n\t\t\t\t\t<div class=\"elementor-column elementor-col-100 elementor-top-column elementor-element elementor-element-0364bf1\" data-id=\"0364bf1\" data-element_type=\"column\">\n\t\t\t<div class=\"elementor-widget-wrap elementor-element-populated\">\n\t\t\t\t\t\t\t\t<div class=\"elementor-element elementor-element-26f088d elementor-widget elementor-widget-text-editor\" data-id=\"26f088d\" data-element_type=\"widget\" data-widget_type=\"text-editor.default\">\n\t\t\t\t<div class=\"elementor-widget-container\">\n\t\t\t\t\t\t\t<p>Tuncay Pekdogan<\/p>\t\t\t\t\t\t<\/div>\n\t\t\t\t<\/div>\n\t\t\t\t\t<\/div>\n\t\t<\/div>\n\t\t\t\t\t\t\t<\/div>\n\t\t<\/section>\n\t\t\t\t<section class=\"elementor-section elementor-top-section elementor-element elementor-element-963cd0b elementor-section-boxed elementor-section-height-default elementor-section-height-default\" data-id=\"963cd0b\" data-element_type=\"section\">\n\t\t\t\t\t\t<div class=\"elementor-container elementor-column-gap-default\">\n\t\t\t\t\t<div class=\"elementor-column elementor-col-100 elementor-top-column elementor-element elementor-element-51f16a1\" data-id=\"51f16a1\" data-element_type=\"column\">\n\t\t\t<div class=\"elementor-widget-wrap elementor-element-populated\">\n\t\t\t\t\t\t\t\t<div class=\"elementor-element elementor-element-745bc4a elementor-widget elementor-widget-text-editor\" data-id=\"745bc4a\" data-element_type=\"widget\" data-widget_type=\"text-editor.default\">\n\t\t\t\t<div class=\"elementor-widget-container\">\n\t\t\t\t\t\t\t<h2 class=\"bread-title\">Kontakt<\/h2>\t\t\t\t\t\t<\/div>\n\t\t\t\t<\/div>\n\t\t\t\t\t<\/div>\n\t\t<\/div>\n\t\t\t\t\t\t\t<\/div>\n\t\t<\/section>\n\t\t\t\t<section class=\"elementor-section elementor-top-section elementor-element elementor-element-506babc elementor-section-boxed elementor-section-height-default elementor-section-height-default\" data-id=\"506babc\" data-element_type=\"section\">\n\t\t\t\t\t\t<div class=\"elementor-container elementor-column-gap-default\">\n\t\t\t\t\t<div class=\"elementor-column elementor-col-100 elementor-top-column elementor-element elementor-element-d6937ec\" data-id=\"d6937ec\" data-element_type=\"column\">\n\t\t\t<div class=\"elementor-widget-wrap elementor-element-populated\">\n\t\t\t\t\t\t\t\t<div class=\"elementor-element elementor-element-5a6f53a elementor-widget elementor-widget-text-editor\" data-id=\"5a6f53a\" data-element_type=\"widget\" data-widget_type=\"text-editor.default\">\n\t\t\t\t<div class=\"elementor-widget-container\">\n\t\t\t\t\t\t\t<div class=\"uncode_text_column\"><div id=\"main-content\" class=\"main-page col-xs-12\"><main id=\"main\" class=\"site-main\" role=\"main\">Telefon: +49 89 9549 9728<br \/>E-Mail: info@germaniarealinvest.de<\/main><\/div><\/div><div class=\"vc_custom_heading_wrap \"><div class=\"heading-text el-text\"><h2 class=\"h2 text-color-prif-color\">\u00a0<\/h2><\/div><\/div>\t\t\t\t\t\t<\/div>\n\t\t\t\t<\/div>\n\t\t\t\t\t<\/div>\n\t\t<\/div>\n\t\t\t\t\t\t\t<\/div>\n\t\t<\/section>\n\t\t\t\t<section class=\"elementor-section elementor-top-section elementor-element elementor-element-6788918 elementor-section-boxed elementor-section-height-default elementor-section-height-default\" data-id=\"6788918\" data-element_type=\"section\">\n\t\t\t\t\t\t<div class=\"elementor-container elementor-column-gap-default\">\n\t\t\t\t\t<div class=\"elementor-column elementor-col-100 elementor-top-column elementor-element elementor-element-fa8ebf8\" data-id=\"fa8ebf8\" data-element_type=\"column\">\n\t\t\t<div class=\"elementor-widget-wrap elementor-element-populated\">\n\t\t\t\t\t\t\t\t<div class=\"elementor-element elementor-element-111cae3 elementor-widget elementor-widget-text-editor\" data-id=\"111cae3\" data-element_type=\"widget\" data-widget_type=\"text-editor.default\">\n\t\t\t\t<div class=\"elementor-widget-container\">\n\t\t\t\t\t\t\t<h2 class=\"bread-title\">Aufsichtsbeh\u00f6rde<\/h2>\t\t\t\t\t\t<\/div>\n\t\t\t\t<\/div>\n\t\t\t\t\t<\/div>\n\t\t<\/div>\n\t\t\t\t\t\t\t<\/div>\n\t\t<\/section>\n\t\t\t\t<section class=\"elementor-section elementor-top-section elementor-element elementor-element-0095afb elementor-section-boxed elementor-section-height-default elementor-section-height-default\" data-id=\"0095afb\" data-element_type=\"section\">\n\t\t\t\t\t\t<div class=\"elementor-container elementor-column-gap-default\">\n\t\t\t\t\t<div class=\"elementor-column elementor-col-100 elementor-top-column elementor-element elementor-element-d92ffbf\" data-id=\"d92ffbf\" data-element_type=\"column\">\n\t\t\t<div class=\"elementor-widget-wrap elementor-element-populated\">\n\t\t\t\t\t\t\t\t<div class=\"elementor-element elementor-element-ddc2662 elementor-widget elementor-widget-text-editor\" data-id=\"ddc2662\" data-element_type=\"widget\" data-widget_type=\"text-editor.default\">\n\t\t\t\t<div class=\"elementor-widget-container\">\n\t\t\t\t\t\t\t<p>IHK f\u00fcr M\u00fcnchen und Oberbayern<br \/>Max-Joseph-Stra\u00dfe 2<br \/>80333 M\u00fcnchen<br \/><a href=\"https:\/\/www.ihk-muenchen.de\/de\/\" target=\"_blank\" rel=\"noopener\">https:\/\/www.ihk-muenchen.de\/de\/<\/a><\/p>\t\t\t\t\t\t<\/div>\n\t\t\t\t<\/div>\n\t\t\t\t\t<\/div>\n\t\t<\/div>\n\t\t\t\t\t\t\t<\/div>\n\t\t<\/section>\n\t\t\t\t<section class=\"elementor-section elementor-top-section elementor-element elementor-element-1ea4ed9 elementor-section-boxed elementor-section-height-default elementor-section-height-default\" data-id=\"1ea4ed9\" data-element_type=\"section\">\n\t\t\t\t\t\t<div class=\"elementor-container elementor-column-gap-default\">\n\t\t\t\t\t<div class=\"elementor-column elementor-col-100 elementor-top-column elementor-element elementor-element-385fda5\" data-id=\"385fda5\" data-element_type=\"column\">\n\t\t\t<div class=\"elementor-widget-wrap elementor-element-populated\">\n\t\t\t\t\t\t\t\t<div class=\"elementor-element elementor-element-8b3d432 elementor-widget elementor-widget-text-editor\" data-id=\"8b3d432\" data-element_type=\"widget\" data-widget_type=\"text-editor.default\">\n\t\t\t\t<div class=\"elementor-widget-container\">\n\t\t\t\t\t\t\t<h2 class=\"bread-title\">EU-Streitschlichtung<\/h2>\t\t\t\t\t\t<\/div>\n\t\t\t\t<\/div>\n\t\t\t\t\t<\/div>\n\t\t<\/div>\n\t\t\t\t\t\t\t<\/div>\n\t\t<\/section>\n\t\t\t\t<section class=\"elementor-section elementor-top-section elementor-element elementor-element-32d7cb3 elementor-section-boxed elementor-section-height-default elementor-section-height-default\" data-id=\"32d7cb3\" data-element_type=\"section\">\n\t\t\t\t\t\t<div class=\"elementor-container elementor-column-gap-default\">\n\t\t\t\t\t<div class=\"elementor-column elementor-col-100 elementor-top-column elementor-element elementor-element-27b6bb3\" data-id=\"27b6bb3\" data-element_type=\"column\">\n\t\t\t<div class=\"elementor-widget-wrap elementor-element-populated\">\n\t\t\t\t\t\t\t\t<div class=\"elementor-element elementor-element-4abb61f elementor-widget elementor-widget-text-editor\" data-id=\"4abb61f\" data-element_type=\"widget\" data-widget_type=\"text-editor.default\">\n\t\t\t\t<div class=\"elementor-widget-container\">\n\t\t\t\t\t\t\t<p>Lorem ipsum dolor sit amet, consectetur adipiscing elit. Ut elit tellus, luctus nec ullamcorper mattis, pulvinar dapibus leo.<\/p>\t\t\t\t\t\t<\/div>\n\t\t\t\t<\/div>\n\t\t\t\t\t<\/div>\n\t\t<\/div>\n\t\t\t\t\t\t\t<\/div>\n\t\t<\/section>\n\t\t\t\t<section class=\"elementor-section elementor-top-section elementor-element elementor-element-6525d8b elementor-section-boxed elementor-section-height-default elementor-section-height-default\" data-id=\"6525d8b\" data-element_type=\"section\">\n\t\t\t\t\t\t<div class=\"elementor-container elementor-column-gap-default\">\n\t\t\t\t\t<div class=\"elementor-column elementor-col-100 elementor-top-column elementor-element elementor-element-46ed2ad\" data-id=\"46ed2ad\" data-element_type=\"column\">\n\t\t\t<div class=\"elementor-widget-wrap elementor-element-populated\">\n\t\t\t\t\t\t\t\t<div class=\"elementor-element elementor-element-0b67fbc elementor-widget elementor-widget-text-editor\" data-id=\"0b67fbc\" data-element_type=\"widget\" data-widget_type=\"text-editor.default\">\n\t\t\t\t<div class=\"elementor-widget-container\">\n\t\t\t\t\t\t\t<h2 class=\"bread-title\">Verbraucher\u00adstreit\u00adbeilegung\/Universal\u00adschlichtungs\u00adstelle<\/h2>\t\t\t\t\t\t<\/div>\n\t\t\t\t<\/div>\n\t\t\t\t\t<\/div>\n\t\t<\/div>\n\t\t\t\t\t\t\t<\/div>\n\t\t<\/section>\n\t\t\t\t<section class=\"elementor-section elementor-top-section elementor-element elementor-element-1b5f6cc elementor-section-boxed elementor-section-height-default elementor-section-height-default\" data-id=\"1b5f6cc\" data-element_type=\"section\">\n\t\t\t\t\t\t<div class=\"elementor-container elementor-column-gap-default\">\n\t\t\t\t\t<div class=\"elementor-column elementor-col-100 elementor-top-column elementor-element elementor-element-4db6bab\" data-id=\"4db6bab\" data-element_type=\"column\">\n\t\t\t<div class=\"elementor-widget-wrap elementor-element-populated\">\n\t\t\t\t\t\t\t\t<div class=\"elementor-element elementor-element-34bb775 elementor-widget elementor-widget-text-editor\" data-id=\"34bb775\" data-element_type=\"widget\" data-widget_type=\"text-editor.default\">\n\t\t\t\t<div class=\"elementor-widget-container\">\n\t\t\t\t\t\t\t<main id=\"main\" class=\"site-main\" role=\"main\">Wir sind nicht bereit oder verpflichtet, an Streitbeilegungsverfahren vor einer Verbraucherschlichtungsstelle teilzunehmen.<\/main><p>Quelle:\u00a0<a href=\"https:\/\/www.e-recht24.de\/\" target=\"_blank\" rel=\"noopener\">eRecht24<\/a><\/p>\t\t\t\t\t\t<\/div>\n\t\t\t\t<\/div>\n\t\t\t\t\t<\/div>\n\t\t<\/div>\n\t\t\t\t\t\t\t<\/div>\n\t\t<\/section>\n\t\t\t\t<section class=\"elementor-section elementor-top-section elementor-element elementor-element-3798833 elementor-section-boxed elementor-section-height-default elementor-section-height-default\" data-id=\"3798833\" data-element_type=\"section\">\n\t\t\t\t\t\t<div class=\"elementor-container elementor-column-gap-default\">\n\t\t\t\t\t<div class=\"elementor-column elementor-col-100 elementor-top-column elementor-element elementor-element-c2bbd55\" data-id=\"c2bbd55\" data-element_type=\"column\">\n\t\t\t<div class=\"elementor-widget-wrap elementor-element-populated\">\n\t\t\t\t\t\t\t\t<div class=\"elementor-element elementor-element-5d7de77 elementor-widget elementor-widget-spacer\" data-id=\"5d7de77\" data-element_type=\"widget\" data-widget_type=\"spacer.default\">\n\t\t\t\t<div class=\"elementor-widget-container\">\n\t\t\t\t\t<div class=\"elementor-spacer\">\n\t\t\t<div class=\"elementor-spacer-inner\"><\/div>\n\t\t<\/div>\n\t\t\t\t<\/div>\n\t\t\t\t<\/div>\n\t\t\t\t\t<\/div>\n\t\t<\/div>\n\t\t\t\t\t\t\t<\/div>\n\t\t<\/section>\n\t\t\t\t\t\t\t<\/div>\n\t\t","protected":false},"excerpt":{"rendered":"<p>Home Pages Impressum \u00a0 Angaben gem\u00e4\u00df \u00a7 5 TMG Germania Real InvestInh. Tuncay PekdoganLerchenauerstr. 18880935 M\u00fcnchen Vertretungsberechtigte(r) Gesellschafter Tuncay Pekdogan Kontakt Telefon: +49 89 9549 9728E-Mail: info@germaniarealinvest.de \u00a0 Aufsichtsbeh\u00f6rde IHK f\u00fcr M\u00fcnchen und OberbayernMax-Joseph-Stra\u00dfe 280333 M\u00fcnchenhttps:\/\/www.ihk-muenchen.de\/de\/ EU-Streitschlichtung Lorem ipsum dolor sit amet, consectetur adipiscing elit. Ut elit tellus, luctus nec ullamcorper mattis, pulvinar dapibus leo. [&hellip;]<\/p>\n","protected":false},"author":1,"featured_media":0,"parent":0,"menu_order":0,"comment_status":"closed","ping_status":"closed","template":"elementor_header_footer","meta":{"_mi_skip_tracking":false,"footnotes":""},"class_list":["post-17778","page","type-page","status-publish","hentry"],"aioseo_notices":[],"_links":{"self":[{"href":"https:\/\/germaniarealinvest.de\/index.php?rest_route=\/wp\/v2\/pages\/17778","targetHints":{"allow":["GET"]}}],"collection":[{"href":"https:\/\/germaniarealinvest.de\/index.php?rest_route=\/wp\/v2\/pages"}],"about":[{"href":"https:\/\/germaniarealinvest.de\/index.php?rest_route=\/wp\/v2\/types\/page"}],"author":[{"embeddable":true,"href":"https:\/\/germaniarealinvest.de\/index.php?rest_route=\/wp\/v2\/users\/1"}],"replies":[{"embeddable":true,"href":"https:\/\/germaniarealinvest.de\/index.php?rest_route=%2Fwp%2Fv2%2Fcomments&post=17778"}],"version-history":[{"count":4,"href":"https:\/\/germaniarealinvest.de\/index.php?rest_route=\/wp\/v2\/pages\/17778\/revisions"}],"predecessor-version":[{"id":17782,"href":"https:\/\/germaniarealinvest.de\/index.php?rest_route=\/wp\/v2\/pages\/17778\/revisions\/17782"}],"wp:attachment":[{"href":"https:\/\/germaniarealinvest.de\/index.php?rest_route=%2Fwp%2Fv2%2Fmedia&parent=17778"}],"curies":[{"name":"wp","href":"https:\/\/api.w.org\/{rel}","templated":true}]}}